{"id":602,"date":"2025-07-05T21:05:35","date_gmt":"2025-07-05T19:05:35","guid":{"rendered":"https:\/\/vskopfing.at\/?page_id=602"},"modified":"2025-07-05T21:05:36","modified_gmt":"2025-07-05T19:05:36","slug":"downloads","status":"publish","type":"page","link":"https:\/\/vskopfing.at\/?page_id=602","title":{"rendered":"Downloads"},"content":{"rendered":"\n<p>Hier findet ihr die aktuellen Schulbedarfslisten f\u00fcr alle Klassen unserer Volksschule.<br>So k\u00f6nnt ihr einfach und rechtzeitig alles besorgen, was Euer Kind f\u00fcr einen guten Start ins Schuljahr braucht.<\/p>\n\n\n\n<p>Bitte w\u00e4hle die passende Klasse aus und lade die Liste als PDF herunter.<\/p>\n\n\n\n<div class=\"wp-block-file\"><a id=\"wp-block-file--media-e3cc2adf-339c-44e7-a280-605205f3e42d\" href=\"https:\/\/vskopfing.at\/wp-content\/uploads\/2025\/07\/Schulbedarfsliste-2.Klasse.pdf\">Schulbedarfsliste 2.Klasse<\/a><a href=\"https:\/\/vskopfing.at\/wp-content\/uploads\/2025\/07\/Schulbedarfsliste-2.Klasse.pdf\" class=\"wp-block-file__button wp-element-button\" download aria-describedby=\"wp-block-file--media-e3cc2adf-339c-44e7-a280-605205f3e42d\">Herunterladen<\/a><\/div>\n\n\n\n<div class=\"wp-block-file\"><a id=\"wp-block-file--media-235dd3a0-3022-477c-8ba1-c6f7f2b9d1bf\" href=\"https:\/\/vskopfing.at\/wp-content\/uploads\/2025\/07\/Schulbedarfsliste-3.Klasse.pdf\">Schulbedarfsliste 3.Klasse<\/a><a href=\"https:\/\/vskopfing.at\/wp-content\/uploads\/2025\/07\/Schulbedarfsliste-3.Klasse.pdf\" class=\"wp-block-file__button wp-element-button\" download aria-describedby=\"wp-block-file--media-235dd3a0-3022-477c-8ba1-c6f7f2b9d1bf\">Herunterladen<\/a><\/div>\n\n\n\n<div class=\"wp-block-file\"><a id=\"wp-block-file--media-0a95ba31-a78a-4b4e-8f41-1319cf6f7d86\" href=\"https:\/\/vskopfing.at\/wp-content\/uploads\/2025\/07\/Schulbedarfsliste-4.Klasse.pdf\">Schulbedarfsliste 4.Klasse<\/a><a href=\"https:\/\/vskopfing.at\/wp-content\/uploads\/2025\/07\/Schulbedarfsliste-4.Klasse.pdf\" class=\"wp-block-file__button wp-element-button\" download aria-describedby=\"wp-block-file--media-0a95ba31-a78a-4b4e-8f41-1319cf6f7d86\">Herunterladen<\/a><\/div>\n","protected":false},"excerpt":{"rendered":"<p>Hier findet ihr die aktuellen Schulbedarfslisten f\u00fcr alle Klassen unserer Volksschule.So k\u00f6nnt ihr einfach und rechtzeitig alles besorgen, was Euer Kind f\u00fcr einen guten Start ins Schuljahr braucht. Bitte w\u00e4hle die passende Klasse aus und lade die Liste als PDF &hellip; <\/p>\n","protected":false},"author":1,"featured_media":0,"parent":0,"menu_order":0,"comment_status":"closed","ping_status":"closed","template":"","meta":{"footnotes":""},"class_list":["post-602","page","type-page","status-publish","hentry"],"_links":{"self":[{"href":"https:\/\/vskopfing.at\/index.php?rest_route=\/wp\/v2\/pages\/602","targetHints":{"allow":["GET"]}}],"collection":[{"href":"https:\/\/vskopfing.at\/index.php?rest_route=\/wp\/v2\/pages"}],"about":[{"href":"https:\/\/vskopfing.at\/index.php?rest_route=\/wp\/v2\/types\/page"}],"author":[{"embeddable":true,"href":"https:\/\/vskopfing.at\/index.php?rest_route=\/wp\/v2\/users\/1"}],"replies":[{"embeddable":true,"href":"https:\/\/vskopfing.at\/index.php?rest_route=%2Fwp%2Fv2%2Fcomments&post=602"}],"version-history":[{"count":1,"href":"https:\/\/vskopfing.at\/index.php?rest_route=\/wp\/v2\/pages\/602\/revisions"}],"predecessor-version":[{"id":606,"href":"https:\/\/vskopfing.at\/index.php?rest_route=\/wp\/v2\/pages\/602\/revisions\/606"}],"wp:attachment":[{"href":"https:\/\/vskopfing.at\/index.php?rest_route=%2Fwp%2Fv2%2Fmedia&parent=602"}],"curies":[{"name":"wp","href":"https:\/\/api.w.org\/{rel}","templated":true}]}}